{"id":457,"date":"2022-02-19T15:27:01","date_gmt":"2022-02-19T15:27:01","guid":{"rendered":"https:\/\/verlicht.be\/?page_id=457"},"modified":"2022-02-19T15:35:05","modified_gmt":"2022-02-19T15:35:05","slug":"waarom-kiezen-voor-de-sma-ev-charger","status":"publish","type":"page","link":"https:\/\/verlicht.be\/?page_id=457","title":{"rendered":"Waarom kiezen voor de SMA EV Charger?"},"content":{"rendered":"\n<p class=\"has-medium-font-size\">100% zorgeloze mobiliteit zonder CO2<\/p>\n\n\n\n<figure class=\"wp-block-image size-large\"><img fetchpriority=\"high\" decoding=\"async\" width=\"1024\" height=\"494\" src=\"https:\/\/verlicht.be\/wp-content\/uploads\/2022\/02\/KV_EV-Charger_1400x676_2117-1024x494.jpg\" alt=\"\" class=\"wp-image-458\" srcset=\"https:\/\/verlicht.be\/wp-content\/uploads\/2022\/02\/KV_EV-Charger_1400x676_2117-1024x494.jpg 1024w, https:\/\/verlicht.be\/wp-content\/uploads\/2022\/02\/KV_EV-Charger_1400x676_2117-600x290.jpg 600w, https:\/\/verlicht.be\/wp-content\/uploads\/2022\/02\/KV_EV-Charger_1400x676_2117-300x145.jpg 300w, https:\/\/verlicht.be\/wp-content\/uploads\/2022\/02\/KV_EV-Charger_1400x676_2117-768x371.jpg 768w, https:\/\/verlicht.be\/wp-content\/uploads\/2022\/02\/KV_EV-Charger_1400x676_2117.jpg 1400w\" sizes=\"(max-width: 1024px) 100vw, 1024px\" \/><\/figure>\n\n\n\n<p class=\"has-large-font-size\"><strong>Gratis opladen met pure zonne<\/strong>&#8211;<strong>energie<\/strong><\/p>\n\n\n\n<p>Weersvoorspellingen en individuele verbruiksanalyses worden gebruikt om een energievoorspelling voor elke dag te maken: zo weet het SMA Energy System Home op welke momenten er voldoende zonnestroom beschikbaar is \u2013 en wanneer het elektrische voertuig gratis kan worden opgeladen. U gebruikt automatisch een groter aandeel van uw zonnestroom zelf \u2013 omdat u niet alles wat u gebruikt zelf hoeft te kopen. Elke kilowatt van uw zonnestroominstallatie zorgt voor extra bereik voor uw elektrische voertuig \u2013 gemakkelijker, schoner en goedkoper gaat het niet! <\/p>\n\n\n\n<h2 class=\"has-large-font-size wp-block-heading\" id=\"100-zorgeloze-mobiliteit-zonder-co2\">100% zorgeloze mobiliteit zonder CO2<\/h2>\n\n\n\n<p>Dit zeer intelligente systeem houdt tijdens het opladen altijd rekening met alle belastingen en voorkomt dat de thuisaansluiting overbelast raakt. Steeds een automatische aanpassing van het laadvermogen voor een soepele werking, zelfs wanneer meerdere elektrische verbruikers tegelijkertijd in gebruik zijn. Dit betekent dat gebruikers altijd profiteren van het maximaal beschikbare vermogen dat de huisaansluiting en het voertuig mogelijk maken. Met SMA Smart Connected is SMA de eerste fabrikant die gratis, automatische bewaking van het laadstation aanbiedt, waardoor installateurs klanten snel en gericht van dienst kunnen zijn.<\/p>\n\n\n\n<ul class=\"wp-block-list\"><li>Betrouwbaar dankzij bescherming tegen stroomuitval<\/li><li>De ingebouwde uitvalbewaking van gelijkstroom vermindert de installatiekosten<\/li><li>Veilige investering door ge\u00efntegreerde&nbsp;<a href=\"https:\/\/www.sma-benelux.com\/producten\/sma-smart-connected.html\" target=\"_blank\" rel=\"noreferrer noopener\">SMA Smart Connected<\/a>&nbsp;service<\/li><\/ul>\n\n\n\n<div class=\"wp-block-columns is-layout-flex wp-container-core-columns-is-layout-28f84493 wp-block-columns-is-layout-flex\">\n<div class=\"wp-block-column is-layout-flow wp-block-column-is-layout-flow\">\n<figure class=\"wp-block-image size-large\"><img decoding=\"async\" width=\"1024\" height=\"836\" src=\"https:\/\/verlicht.be\/wp-content\/uploads\/2022\/02\/infografik-icon-master_vorteile-einsparung-energieverbrauch-gelb-orange-60-1024x836.png\" alt=\"\" class=\"wp-image-460\" srcset=\"https:\/\/verlicht.be\/wp-content\/uploads\/2022\/02\/infografik-icon-master_vorteile-einsparung-energieverbrauch-gelb-orange-60-1024x836.png 1024w, https:\/\/verlicht.be\/wp-content\/uploads\/2022\/02\/infografik-icon-master_vorteile-einsparung-energieverbrauch-gelb-orange-60-600x490.png 600w, https:\/\/verlicht.be\/wp-content\/uploads\/2022\/02\/infografik-icon-master_vorteile-einsparung-energieverbrauch-gelb-orange-60-300x245.png 300w, https:\/\/verlicht.be\/wp-content\/uploads\/2022\/02\/infografik-icon-master_vorteile-einsparung-energieverbrauch-gelb-orange-60-768x627.png 768w, https:\/\/verlicht.be\/wp-content\/uploads\/2022\/02\/infografik-icon-master_vorteile-einsparung-energieverbrauch-gelb-orange-60.png 1042w\" sizes=\"(max-width: 1024px) 100vw, 1024px\" \/><figcaption>Tot wel 65%* minder energiekosten<br>*Berekening volgens Duits model<\/figcaption><\/figure>\n<\/div>\n\n\n\n<div class=\"wp-block-column is-layout-flow wp-block-column-is-layout-flow\">\n<figure class=\"wp-block-image size-large\"><img decoding=\"async\" width=\"1024\" height=\"835\" src=\"https:\/\/verlicht.be\/wp-content\/uploads\/2022\/02\/infografik-icon-master_vorteile-intelligentes-energiemanagement-orange-pink-1024x835.png\" alt=\"\" class=\"wp-image-462\" srcset=\"https:\/\/verlicht.be\/wp-content\/uploads\/2022\/02\/infografik-icon-master_vorteile-intelligentes-energiemanagement-orange-pink-1024x835.png 1024w, https:\/\/verlicht.be\/wp-content\/uploads\/2022\/02\/infografik-icon-master_vorteile-intelligentes-energiemanagement-orange-pink-600x489.png 600w, https:\/\/verlicht.be\/wp-content\/uploads\/2022\/02\/infografik-icon-master_vorteile-intelligentes-energiemanagement-orange-pink-300x244.png 300w, https:\/\/verlicht.be\/wp-content\/uploads\/2022\/02\/infografik-icon-master_vorteile-intelligentes-energiemanagement-orange-pink-768x626.png 768w, https:\/\/verlicht.be\/wp-content\/uploads\/2022\/02\/infografik-icon-master_vorteile-intelligentes-energiemanagement-orange-pink.png 1043w\" sizes=\"(max-width: 1024px) 100vw, 1024px\" \/><figcaption>Meer zonnestroom zelf gebruiken door slim energiebeheer<\/figcaption><\/figure>\n<\/div>\n\n\n\n<div class=\"wp-block-column is-layout-flow wp-block-column-is-layout-flow\">\n<figure class=\"wp-block-image size-large\"><img loading=\"lazy\" decoding=\"async\" width=\"1024\" height=\"835\" src=\"https:\/\/verlicht.be\/wp-content\/uploads\/2022\/02\/infografik-icon-master_vorteile-home-ohne-fossile-brennstoffe-orange-pink-1024x835.png\" alt=\"\" class=\"wp-image-461\" srcset=\"https:\/\/verlicht.be\/wp-content\/uploads\/2022\/02\/infografik-icon-master_vorteile-home-ohne-fossile-brennstoffe-orange-pink-1024x835.png 1024w, https:\/\/verlicht.be\/wp-content\/uploads\/2022\/02\/infografik-icon-master_vorteile-home-ohne-fossile-brennstoffe-orange-pink-600x489.png 600w, https:\/\/verlicht.be\/wp-content\/uploads\/2022\/02\/infografik-icon-master_vorteile-home-ohne-fossile-brennstoffe-orange-pink-300x245.png 300w, https:\/\/verlicht.be\/wp-content\/uploads\/2022\/02\/infografik-icon-master_vorteile-home-ohne-fossile-brennstoffe-orange-pink-768x626.png 768w, https:\/\/verlicht.be\/wp-content\/uploads\/2022\/02\/infografik-icon-master_vorteile-home-ohne-fossile-brennstoffe-orange-pink.png 1042w\" sizes=\"(max-width: 1024px) 100vw, 1024px\" \/><figcaption>Mobiliteit zonder fossiele brandstoffen en zo gelijktijdig het klimaat en grondstoffen sparen<\/figcaption><\/figure>\n<\/div>\n\n\n\n<div class=\"wp-block-column is-layout-flow wp-block-column-is-layout-flow\">\n<figure class=\"wp-block-image size-large\"><img loading=\"lazy\" decoding=\"async\" width=\"1024\" height=\"835\" src=\"https:\/\/verlicht.be\/wp-content\/uploads\/2022\/02\/infografik-icon-master_vorteile-systemvernetzung-orange-pink-1024x835.png\" alt=\"\" class=\"wp-image-459\" srcset=\"https:\/\/verlicht.be\/wp-content\/uploads\/2022\/02\/infografik-icon-master_vorteile-systemvernetzung-orange-pink-1024x835.png 1024w, https:\/\/verlicht.be\/wp-content\/uploads\/2022\/02\/infografik-icon-master_vorteile-systemvernetzung-orange-pink-600x489.png 600w, https:\/\/verlicht.be\/wp-content\/uploads\/2022\/02\/infografik-icon-master_vorteile-systemvernetzung-orange-pink-300x244.png 300w, https:\/\/verlicht.be\/wp-content\/uploads\/2022\/02\/infografik-icon-master_vorteile-systemvernetzung-orange-pink-768x626.png 768w, https:\/\/verlicht.be\/wp-content\/uploads\/2022\/02\/infografik-icon-master_vorteile-systemvernetzung-orange-pink.png 1043w\" sizes=\"(max-width: 1024px) 100vw, 1024px\" \/><figcaption>Alle verbruikers in het huishouden opnemen in een alomvattend systeem<\/figcaption><\/figure>\n<\/div>\n<\/div>\n\n\n\n<h2 class=\"has-large-font-size wp-block-heading\" id=\"een-systeem-alles-van-een-enkele-leverancier\">E\u00e9n systeem. Alles van \u00e9\u00e9n enkele leverancier.<\/h2>\n\n\n\n<p><strong>SMA Energy System Home<\/strong>&nbsp;is de perfecte combinatie van hoogwaardige toestellen, intelligent beheer en uitstekende service. Dankzij de modulaire opbouw is een eenvoudige start mogelijk. Het systeem kan daarna gemakkelijk op elk gewenst moment worden uitgebreid \u2013 afhankelijk van uw budget en behoefte.<\/p>\n\n\n\n<p>Voor nog meer info kan je steeds terecht op de<a href=\"https:\/\/www.sma-benelux.com\/producten\/sma-ev-charger-74-22.html\" target=\"_blank\" rel=\"noreferrer noopener\"> SMA website<\/a> of <a href=\"https:\/\/verlicht.be\/?page_id=75\">contacteer ons<\/a>!<br>Kijk ook naar de andere <a href=\"https:\/\/verlicht.be\/?page_id=71\">laadoplossingen <\/a>die wij aanbieden.<\/p>\n","protected":false},"excerpt":{"rendered":"<p>100% zorgeloze mobiliteit zonder CO2 Gratis opladen met pure zonne&#8211;energie Weersvoorspellingen en individuele verbruiksanalyses worden gebruikt om een energievoorspelling voor elke dag te maken: zo weet het SMA Energy System Home op welke momenten er voldoende zonnestroom beschikbaar is \u2013 en wanneer het elektrische voertuig gratis kan worden opgeladen. U gebruikt automatisch een groter aandeel [&hellip;]<\/p>\n","protected":false},"author":1,"featured_media":0,"parent":0,"menu_order":0,"comment_status":"closed","ping_status":"closed","template":"","meta":{"_monsterinsights_skip_tracking":false,"_monsterinsights_sitenote_active":false,"_monsterinsights_sitenote_note":"","_monsterinsights_sitenote_category":0,"spay_email":"","footnotes":""},"class_list":["post-457","page","type-page","status-publish","hentry"],"yoast_head":"<!-- This site is optimized with the Yoast SEO plugin v27.4 - https:\/\/yoast.com\/product\/yoast-seo-wordpress\/ -->\n<title>Kiezen voor de SMA EV Charger? 100% zorgeloze mobiliteit zonder CO2<\/title>\n<meta name=\"description\" content=\"100% zorgeloze mobiliteit zonder CO2\u00a0uitstoot met \u00e9\u00e9n enkel systeem. Rondrijden met volledig groene, zelf opgewekte stroom!\" \/>\n<meta name=\"robots\" content=\"index, follow, max-snippet:-1, max-image-preview:large, max-video-preview:-1\" \/>\n<link rel=\"canonical\" href=\"https:\/\/verlicht.be\/?page_id=457\" \/>\n<meta property=\"og:locale\" content=\"en_US\" \/>\n<meta property=\"og:type\" content=\"article\" \/>\n<meta property=\"og:title\" content=\"Kiezen voor de SMA EV Charger? 100% zorgeloze mobiliteit zonder CO2\" \/>\n<meta property=\"og:description\" content=\"100% zorgeloze mobiliteit zonder CO2\u00a0uitstoot met \u00e9\u00e9n enkel systeem. Rondrijden met volledig groene, zelf opgewekte stroom!\" \/>\n<meta property=\"og:url\" content=\"https:\/\/verlicht.be\/?page_id=457\" \/>\n<meta property=\"og:site_name\" content=\"verlicht.be\" \/>\n<meta property=\"article:publisher\" content=\"https:\/\/www.facebook.com\/Verlicht-112718077900640\" \/>\n<meta property=\"article:modified_time\" content=\"2022-02-19T15:35:05+00:00\" \/>\n<meta property=\"og:image\" content=\"https:\/\/verlicht.be\/wp-content\/uploads\/2022\/02\/KV_EV-Charger_1400x676_2117-1024x494.jpg\" \/>\n<meta name=\"twitter:card\" content=\"summary_large_image\" \/>\n<meta name=\"twitter:label1\" content=\"Est. reading time\" \/>\n\t<meta name=\"twitter:data1\" content=\"3 minutes\" \/>\n<script type=\"application\/ld+json\" class=\"yoast-schema-graph\">{\"@context\":\"https:\\\/\\\/schema.org\",\"@graph\":[{\"@type\":\"WebPage\",\"@id\":\"https:\\\/\\\/verlicht.be\\\/?page_id=457\",\"url\":\"https:\\\/\\\/verlicht.be\\\/?page_id=457\",\"name\":\"Kiezen voor de SMA EV Charger? 100% zorgeloze mobiliteit zonder CO2\",\"isPartOf\":{\"@id\":\"https:\\\/\\\/verlicht.be\\\/#website\"},\"primaryImageOfPage\":{\"@id\":\"https:\\\/\\\/verlicht.be\\\/?page_id=457#primaryimage\"},\"image\":{\"@id\":\"https:\\\/\\\/verlicht.be\\\/?page_id=457#primaryimage\"},\"thumbnailUrl\":\"https:\\\/\\\/verlicht.be\\\/wp-content\\\/uploads\\\/2022\\\/02\\\/KV_EV-Charger_1400x676_2117-1024x494.jpg\",\"datePublished\":\"2022-02-19T15:27:01+00:00\",\"dateModified\":\"2022-02-19T15:35:05+00:00\",\"description\":\"100% zorgeloze mobiliteit zonder CO2\u00a0uitstoot met \u00e9\u00e9n enkel systeem. Rondrijden met volledig groene, zelf opgewekte stroom!\",\"breadcrumb\":{\"@id\":\"https:\\\/\\\/verlicht.be\\\/?page_id=457#breadcrumb\"},\"inLanguage\":\"en-US\",\"potentialAction\":[{\"@type\":\"ReadAction\",\"target\":[\"https:\\\/\\\/verlicht.be\\\/?page_id=457\"]}]},{\"@type\":\"ImageObject\",\"inLanguage\":\"en-US\",\"@id\":\"https:\\\/\\\/verlicht.be\\\/?page_id=457#primaryimage\",\"url\":\"https:\\\/\\\/verlicht.be\\\/wp-content\\\/uploads\\\/2022\\\/02\\\/KV_EV-Charger_1400x676_2117.jpg\",\"contentUrl\":\"https:\\\/\\\/verlicht.be\\\/wp-content\\\/uploads\\\/2022\\\/02\\\/KV_EV-Charger_1400x676_2117.jpg\",\"width\":1400,\"height\":676},{\"@type\":\"BreadcrumbList\",\"@id\":\"https:\\\/\\\/verlicht.be\\\/?page_id=457#breadcrumb\",\"itemListElement\":[{\"@type\":\"ListItem\",\"position\":1,\"name\":\"Home\",\"item\":\"https:\\\/\\\/verlicht.be\\\/\"},{\"@type\":\"ListItem\",\"position\":2,\"name\":\"Waarom kiezen voor de SMA EV Charger?\"}]},{\"@type\":\"WebSite\",\"@id\":\"https:\\\/\\\/verlicht.be\\\/#website\",\"url\":\"https:\\\/\\\/verlicht.be\\\/\",\"name\":\"verlicht.be\",\"description\":\"Laadpalen en slimme woningen door experten\",\"publisher\":{\"@id\":\"https:\\\/\\\/verlicht.be\\\/#organization\"},\"potentialAction\":[{\"@type\":\"SearchAction\",\"target\":{\"@type\":\"EntryPoint\",\"urlTemplate\":\"https:\\\/\\\/verlicht.be\\\/?s={search_term_string}\"},\"query-input\":{\"@type\":\"PropertyValueSpecification\",\"valueRequired\":true,\"valueName\":\"search_term_string\"}}],\"inLanguage\":\"en-US\"},{\"@type\":\"Organization\",\"@id\":\"https:\\\/\\\/verlicht.be\\\/#organization\",\"name\":\"VERLICHT bv\",\"url\":\"https:\\\/\\\/verlicht.be\\\/\",\"logo\":{\"@type\":\"ImageObject\",\"inLanguage\":\"en-US\",\"@id\":\"https:\\\/\\\/verlicht.be\\\/#\\\/schema\\\/logo\\\/image\\\/\",\"url\":\"https:\\\/\\\/verlicht.be\\\/wp-content\\\/uploads\\\/2020\\\/12\\\/web-agency-logo-3.png\",\"contentUrl\":\"https:\\\/\\\/verlicht.be\\\/wp-content\\\/uploads\\\/2020\\\/12\\\/web-agency-logo-3.png\",\"width\":200,\"height\":200,\"caption\":\"VERLICHT bv\"},\"image\":{\"@id\":\"https:\\\/\\\/verlicht.be\\\/#\\\/schema\\\/logo\\\/image\\\/\"},\"sameAs\":[\"https:\\\/\\\/www.facebook.com\\\/Verlicht-112718077900640\",\"https:\\\/\\\/www.instagram.com\\\/verlicht.be\\\/\"]}]}<\/script>\n<!-- \/ Yoast SEO plugin. -->","yoast_head_json":{"title":"Kiezen voor de SMA EV Charger? 100% zorgeloze mobiliteit zonder CO2","description":"100% zorgeloze mobiliteit zonder CO2\u00a0uitstoot met \u00e9\u00e9n enkel systeem. Rondrijden met volledig groene, zelf opgewekte stroom!","robots":{"index":"index","follow":"follow","max-snippet":"max-snippet:-1","max-image-preview":"max-image-preview:large","max-video-preview":"max-video-preview:-1"},"canonical":"https:\/\/verlicht.be\/?page_id=457","og_locale":"en_US","og_type":"article","og_title":"Kiezen voor de SMA EV Charger? 100% zorgeloze mobiliteit zonder CO2","og_description":"100% zorgeloze mobiliteit zonder CO2\u00a0uitstoot met \u00e9\u00e9n enkel systeem. Rondrijden met volledig groene, zelf opgewekte stroom!","og_url":"https:\/\/verlicht.be\/?page_id=457","og_site_name":"verlicht.be","article_publisher":"https:\/\/www.facebook.com\/Verlicht-112718077900640","article_modified_time":"2022-02-19T15:35:05+00:00","og_image":[{"url":"https:\/\/verlicht.be\/wp-content\/uploads\/2022\/02\/KV_EV-Charger_1400x676_2117-1024x494.jpg","type":"","width":"","height":""}],"twitter_card":"summary_large_image","twitter_misc":{"Est. reading time":"3 minutes"},"schema":{"@context":"https:\/\/schema.org","@graph":[{"@type":"WebPage","@id":"https:\/\/verlicht.be\/?page_id=457","url":"https:\/\/verlicht.be\/?page_id=457","name":"Kiezen voor de SMA EV Charger? 100% zorgeloze mobiliteit zonder CO2","isPartOf":{"@id":"https:\/\/verlicht.be\/#website"},"primaryImageOfPage":{"@id":"https:\/\/verlicht.be\/?page_id=457#primaryimage"},"image":{"@id":"https:\/\/verlicht.be\/?page_id=457#primaryimage"},"thumbnailUrl":"https:\/\/verlicht.be\/wp-content\/uploads\/2022\/02\/KV_EV-Charger_1400x676_2117-1024x494.jpg","datePublished":"2022-02-19T15:27:01+00:00","dateModified":"2022-02-19T15:35:05+00:00","description":"100% zorgeloze mobiliteit zonder CO2\u00a0uitstoot met \u00e9\u00e9n enkel systeem. Rondrijden met volledig groene, zelf opgewekte stroom!","breadcrumb":{"@id":"https:\/\/verlicht.be\/?page_id=457#breadcrumb"},"inLanguage":"en-US","potentialAction":[{"@type":"ReadAction","target":["https:\/\/verlicht.be\/?page_id=457"]}]},{"@type":"ImageObject","inLanguage":"en-US","@id":"https:\/\/verlicht.be\/?page_id=457#primaryimage","url":"https:\/\/verlicht.be\/wp-content\/uploads\/2022\/02\/KV_EV-Charger_1400x676_2117.jpg","contentUrl":"https:\/\/verlicht.be\/wp-content\/uploads\/2022\/02\/KV_EV-Charger_1400x676_2117.jpg","width":1400,"height":676},{"@type":"BreadcrumbList","@id":"https:\/\/verlicht.be\/?page_id=457#breadcrumb","itemListElement":[{"@type":"ListItem","position":1,"name":"Home","item":"https:\/\/verlicht.be\/"},{"@type":"ListItem","position":2,"name":"Waarom kiezen voor de SMA EV Charger?"}]},{"@type":"WebSite","@id":"https:\/\/verlicht.be\/#website","url":"https:\/\/verlicht.be\/","name":"verlicht.be","description":"Laadpalen en slimme woningen door experten","publisher":{"@id":"https:\/\/verlicht.be\/#organization"},"potentialAction":[{"@type":"SearchAction","target":{"@type":"EntryPoint","urlTemplate":"https:\/\/verlicht.be\/?s={search_term_string}"},"query-input":{"@type":"PropertyValueSpecification","valueRequired":true,"valueName":"search_term_string"}}],"inLanguage":"en-US"},{"@type":"Organization","@id":"https:\/\/verlicht.be\/#organization","name":"VERLICHT bv","url":"https:\/\/verlicht.be\/","logo":{"@type":"ImageObject","inLanguage":"en-US","@id":"https:\/\/verlicht.be\/#\/schema\/logo\/image\/","url":"https:\/\/verlicht.be\/wp-content\/uploads\/2020\/12\/web-agency-logo-3.png","contentUrl":"https:\/\/verlicht.be\/wp-content\/uploads\/2020\/12\/web-agency-logo-3.png","width":200,"height":200,"caption":"VERLICHT bv"},"image":{"@id":"https:\/\/verlicht.be\/#\/schema\/logo\/image\/"},"sameAs":["https:\/\/www.facebook.com\/Verlicht-112718077900640","https:\/\/www.instagram.com\/verlicht.be\/"]}]}},"_links":{"self":[{"href":"https:\/\/verlicht.be\/index.php?rest_route=\/wp\/v2\/pages\/457","targetHints":{"allow":["GET"]}}],"collection":[{"href":"https:\/\/verlicht.be\/index.php?rest_route=\/wp\/v2\/pages"}],"about":[{"href":"https:\/\/verlicht.be\/index.php?rest_route=\/wp\/v2\/types\/page"}],"author":[{"embeddable":true,"href":"https:\/\/verlicht.be\/index.php?rest_route=\/wp\/v2\/users\/1"}],"replies":[{"embeddable":true,"href":"https:\/\/verlicht.be\/index.php?rest_route=%2Fwp%2Fv2%2Fcomments&post=457"}],"version-history":[{"count":4,"href":"https:\/\/verlicht.be\/index.php?rest_route=\/wp\/v2\/pages\/457\/revisions"}],"predecessor-version":[{"id":470,"href":"https:\/\/verlicht.be\/index.php?rest_route=\/wp\/v2\/pages\/457\/revisions\/470"}],"wp:attachment":[{"href":"https:\/\/verlicht.be\/index.php?rest_route=%2Fwp%2Fv2%2Fmedia&parent=457"}],"curies":[{"name":"wp","href":"https:\/\/api.w.org\/{rel}","templated":true}]}}